{"id":28,"date":"2017-12-18T20:18:50","date_gmt":"2017-12-18T18:18:50","guid":{"rendered":"http:\/\/www.kansala.com\/?page_id=28"},"modified":"2026-01-03T16:37:58","modified_gmt":"2026-01-03T14:37:58","slug":"hinnasto","status":"publish","type":"page","link":"https:\/\/www.kansala.com\/index.php\/hinnasto\/","title":{"rendered":"Hinnasto"},"content":{"rendered":"\n<p class=\"has-black-color has-text-color has-link-color wp-elements-7a7f7c94a0986143da5e8a1fadc302c5\"><strong>J\u00e4senkorjaus 15min 40\u20ac<\/strong><\/p>\n\n\n\n<p class=\"has-black-color has-text-color has-link-color wp-elements-7599c44541d91db07fdb457f3190a4fd\">K\u00e4ns\u00e4l\u00e4n j\u00e4senkorjaus. Seitsem\u00e4n sukupolven ajan kehitetty\u00e4 <a>perinteist\u00e4 nivel-, nikama ja lihask\u00e4sittely\u00e4.<\/a> <\/p>\n\n\n\n<p class=\"has-black-color has-text-color has-link-color wp-elements-3655b5c92b01166a8deb0405612ba1f5\"><a><strong>Hieronta <\/strong><\/a><strong>15min 40\u20ac<\/strong><\/p>\n\n\n\n<p class=\"has-black-color has-text-color has-link-color wp-elements-2e60944bd320040dd757581a94f2105a\"><a>Paikallishieronta akuuttiin lihasjumiin (esim. niska-hartia, k\u00e4si, pohje jne)<\/a>.<\/p>\n\n\n\n<p class=\"has-black-color has-text-color has-link-color wp-elements-6188e258f553454a26635483ffb07ab5\"><strong>Hieronta 30min 55\u20ac<\/strong><\/p>\n\n\n\n<p class=\"has-black-color has-text-color has-link-color wp-elements-e1533244234addce9631b39853807f64\">Paikallishieronta akuuttiin lihasjumiin (esim. selk\u00e4, k\u00e4si, pohje jne).<\/p>\n\n\n\n<p class=\"has-black-color has-text-color has-link-color wp-elements-ce8788b8b967f0d7bfd2aca11dc73b1b\"><a><strong>Hieronta + j\u00e4senkorjaus 30min 60\u20ac<\/strong><\/a><\/p>\n\n\n\n<p class=\"has-black-color has-text-color has-link-color wp-elements-5057a17971ddc2014d0dabc225ff9171\">Palvelussa yhdistet\u00e4\u00e4n tutkiminen, hieronta ja j\u00e4senkorjaus asiakkaan tarpeiden mukaan.<\/p>\n\n\n\n<p class=\"has-black-color has-text-color has-link-color wp-elements-0463701afaa5ebf0cb323a4b9cfc30c1\"><strong>Hieronta 50min 75\u20ac<\/strong><\/p>\n\n\n\n<p class=\"has-black-color has-text-color has-link-color wp-elements-d7bf716d514a66783a40aee97c6f355a\">Klassinen- tai urheiluhieronta <\/p>\n\n\n\n<p class=\"has-black-color has-text-color has-link-color wp-elements-5d411e2f692ee46a0a97a18f50670d76\"><strong>Hieronta + j\u00e4senkorjaus 50min 80\u20ac&nbsp; <\/strong><\/p>\n\n\n\n<p class=\"has-black-color has-text-color has-link-color wp-elements-5057a17971ddc2014d0dabc225ff9171\">Palvelussa yhdistet\u00e4\u00e4n tutkiminen, hieronta ja j\u00e4senkorjaus asiakkaan tarpeiden mukaan.<\/p>\n\n\n\n<p class=\"has-black-color has-text-color has-link-color wp-elements-9ac00cf961d1ea846fe5a532228b76c6\"><\/p>\n\n\n\n<p class=\"has-black-color has-text-color has-link-color wp-elements-bc98f271f03ec66db16d0ac105c9eedf\"><strong>Pidemm\u00e4t hoitoajat, urheilijayhteisty\u00f6 sek\u00e4 yrityssopimukset, kysy lis\u00e4tietoa.<\/strong><\/p>\n\n\n\n<p class=\"has-black-color has-text-color has-link-color wp-elements-ded6018522a983cea2c9d5b98953a320\"><strong>Hieronta = Klassinen- tai urheiluhieronta &nbsp;&nbsp;&nbsp;Ei sis. alv (AVL 34\u00a7)<\/strong><\/p>\n\n\n\n<p class=\"has-black-color has-text-color has-link-color wp-elements-ea6b559e342e9896aa3701594eb29da4\"><strong>J\u00e4senkorjaus = Perinteist\u00e4 nikama- ja nivelk\u00e4sittely\u00e4 &nbsp;&nbsp;Ei sis. ALV (AVL 3\u00a7)<\/strong><\/p>\n\n\n\n<p class=\"has-black-color has-text-color has-link-color wp-elements-5cbbc6087c9b1b4e0748a501265e3ff1\"><strong>Maksutavat: K\u00e4teinen, kortti, Epassi sek\u00e4 Edenred hierontaetu. <\/strong><\/p>\n\n\n\n<p><\/p>\n","protected":false},"excerpt":{"rendered":"<p>J\u00e4senkorjaus 15min 40\u20ac K\u00e4ns\u00e4l\u00e4n j\u00e4senkorjaus. Seitsem\u00e4n sukupolven ajan kehitetty\u00e4 perinteist\u00e4 nivel-, nikama ja lihask\u00e4sittely\u00e4. Hieronta 15min 40\u20ac Paikallishieronta akuuttiin lihasjumiin (esim. niska-hartia, [&hellip;]<\/p>\n","protected":false},"author":1,"featured_media":0,"parent":0,"menu_order":0,"comment_status":"closed","ping_status":"closed","template":"","meta":{"footnotes":""},"class_list":["post-28","page","type-page","status-publish","hentry"],"_links":{"self":[{"href":"https:\/\/www.kansala.com\/index.php\/wp-json\/wp\/v2\/pages\/28","targetHints":{"allow":["GET"]}}],"collection":[{"href":"https:\/\/www.kansala.com\/index.php\/wp-json\/wp\/v2\/pages"}],"about":[{"href":"https:\/\/www.kansala.com\/index.php\/wp-json\/wp\/v2\/types\/page"}],"author":[{"embeddable":true,"href":"https:\/\/www.kansala.com\/index.php\/wp-json\/wp\/v2\/users\/1"}],"replies":[{"embeddable":true,"href":"https:\/\/www.kansala.com\/index.php\/wp-json\/wp\/v2\/comments?post=28"}],"version-history":[{"count":17,"href":"https:\/\/www.kansala.com\/index.php\/wp-json\/wp\/v2\/pages\/28\/revisions"}],"predecessor-version":[{"id":604,"href":"https:\/\/www.kansala.com\/index.php\/wp-json\/wp\/v2\/pages\/28\/revisions\/604"}],"wp:attachment":[{"href":"https:\/\/www.kansala.com\/index.php\/wp-json\/wp\/v2\/media?parent=28"}],"curies":[{"name":"wp","href":"https:\/\/api.w.org\/{rel}","templated":true}]}}